{"id":146,"date":"2024-07-24T11:31:22","date_gmt":"2024-07-24T11:31:22","guid":{"rendered":"https:\/\/hewlowork.pl\/?page_id=146"},"modified":"2024-11-23T18:08:12","modified_gmt":"2024-11-23T18:08:12","slug":"uslugi","status":"publish","type":"page","link":"https:\/\/hewlowork.pl\/en\/uslugi\/","title":{"rendered":"Services"},"content":{"rendered":"<div data-elementor-type=\"wp-page\" data-elementor-id=\"146\" class=\"elementor elementor-146\">\n\t\t\t\t<div class=\"elementor-element elementor-element-32fb8d4 e-con-full e-flex e-con e-parent\" data-id=\"32fb8d4\" data-element_type=\"container\" data-e-type=\"container\" data-settings=\"{&quot;background_background&quot;:&quot;classic&quot;}\">\n\t\t<div class=\"elementor-element elementor-element-490d11f0 e-flex e-con-boxed e-con e-child\" data-id=\"490d11f0\" data-element_type=\"container\" data-e-type=\"container\">\n\t\t\t\t\t<div class=\"e-con-inner\">\n\t\t<div class=\"elementor-element elementor-element-64c02395 e-con-full e-flex e-con e-child\" data-id=\"64c02395\" data-element_type=\"container\" data-e-type=\"container\">\n\t\t\t\t<div class=\"elementor-element elementor-element-d5c584a elementor-icon-list--layout-inline elementor-list-item-link-full_width elementor-widget elementor-widget-icon-list\" data-id=\"d5c584a\" data-element_type=\"widget\" data-e-type=\"widget\" data-widget_type=\"icon-list.default\">\n\t\t\t\t<div class=\"elementor-widget-container\">\n\t\t\t\t\t\t\t<ul class=\"elementor-icon-list-items elementor-inline-items\">\n\t\t\t\t\t\t\t<li class=\"elementor-icon-list-item elementor-inline-item\">\n\t\t\t\t\t\t\t\t\t\t\t<a href=\"#\">\n\n\t\t\t\t\t\t\t\t\t\t\t<span class=\"elementor-icon-list-text\">Main Page<\/span>\n\t\t\t\t\t\t\t\t\t\t\t<\/a>\n\t\t\t\t\t\t\t\t\t<\/li>\n\t\t\t\t\t\t\t\t<li class=\"elementor-icon-list-item elementor-inline-item\">\n\t\t\t\t\t\t\t\t\t\t\t<a href=\"#\">\n\n\t\t\t\t\t\t\t\t\t\t\t\t<span class=\"elementor-icon-list-icon\">\n\t\t\t\t\t\t\t<i aria-hidden=\"true\" class=\"icon icon-right-arrow1\"><\/i>\t\t\t\t\t\t<\/span>\n\t\t\t\t\t\t\t\t\t\t<span class=\"elementor-icon-list-text\"><\/span>\n\t\t\t\t\t\t\t\t\t\t\t<\/a>\n\t\t\t\t\t\t\t\t\t<\/li>\n\t\t\t\t\t\t\t\t<li class=\"elementor-icon-list-item elementor-inline-item\">\n\t\t\t\t\t\t\t\t\t\t\t<a href=\"#\">\n\n\t\t\t\t\t\t\t\t\t\t\t<span class=\"elementor-icon-list-text\">Services<\/span>\n\t\t\t\t\t\t\t\t\t\t\t<\/a>\n\t\t\t\t\t\t\t\t\t<\/li>\n\t\t\t\t\t\t<\/ul>\n\t\t\t\t\t\t<\/div>\n\t\t\t\t<\/div>\n\t\t\t\t<div class=\"elementor-element elementor-element-31ed65b0 elementor-widget__width-initial elementor-widget elementor-widget-heading\" data-id=\"31ed65b0\" data-element_type=\"widget\" data-e-type=\"widget\" data-widget_type=\"heading.default\">\n\t\t\t\t<div class=\"elementor-widget-container\">\n\t\t\t\t\t<h2 class=\"elementor-heading-title elementor-size-default\">Our Services<\/h2>\t\t\t\t<\/div>\n\t\t\t\t<\/div>\n\t\t\t\t<\/div>\n\t\t\t\t\t<\/div>\n\t\t\t\t<\/div>\n\t\t\t\t<\/div>\n\t\t<div class=\"elementor-element elementor-element-6dac8fda e-flex e-con-boxed e-con e-parent\" data-id=\"6dac8fda\" data-element_type=\"container\" data-e-type=\"container\">\n\t\t\t\t\t<div class=\"e-con-inner\">\n\t\t<div class=\"elementor-element elementor-element-74bba81b e-con-full e-flex e-con e-child\" data-id=\"74bba81b\" data-element_type=\"container\" data-e-type=\"container\">\n\t\t<div class=\"elementor-element elementor-element-ca87dd4 e-con-full e-flex e-con e-child\" data-id=\"ca87dd4\" data-element_type=\"container\" data-e-type=\"container\">\n\t\t\t\t<div class=\"elementor-element elementor-element-759fdf58 elementor-widget elementor-widget-image\" data-id=\"759fdf58\" data-element_type=\"widget\" data-e-type=\"widget\" data-widget_type=\"image.default\">\n\t\t\t\t<div class=\"elementor-widget-container\">\n\t\t\t\t\t\t\t\t\t\t\t\t\t\t\t<img fetchpriority=\"high\" decoding=\"async\" width=\"1500\" height=\"1001\" src=\"https:\/\/hewlowork.pl\/wp-content\/uploads\/2024\/07\/Talentajpg-021.jpg\" class=\"attachment-full size-full wp-image-70\" alt=\"\" srcset=\"https:\/\/hewlowork.pl\/wp-content\/uploads\/2024\/07\/Talentajpg-021.jpg 1500w, https:\/\/hewlowork.pl\/wp-content\/uploads\/2024\/07\/Talentajpg-021-300x200.jpg 300w, https:\/\/hewlowork.pl\/wp-content\/uploads\/2024\/07\/Talentajpg-021-1024x683.jpg 1024w, https:\/\/hewlowork.pl\/wp-content\/uploads\/2024\/07\/Talentajpg-021-768x513.jpg 768w\" sizes=\"(max-width: 1500px) 100vw, 1500px\" \/>\t\t\t\t\t\t\t\t\t\t\t\t\t\t\t<\/div>\n\t\t\t\t<\/div>\n\t\t\t\t<div class=\"elementor-element elementor-element-7e6b515a elementor-widget elementor-widget-heading\" data-id=\"7e6b515a\" data-element_type=\"widget\" data-e-type=\"widget\" data-widget_type=\"heading.default\">\n\t\t\t\t<div class=\"elementor-widget-container\">\n\t\t\t\t\t<h3 class=\"elementor-heading-title elementor-size-default\">Experienced human resources services<\/h3>\t\t\t\t<\/div>\n\t\t\t\t<\/div>\n\t\t\t\t<div class=\"elementor-element elementor-element-4c8c1653 elementor-widget elementor-widget-text-editor\" data-id=\"4c8c1653\" data-element_type=\"widget\" data-e-type=\"widget\" data-widget_type=\"text-editor.default\">\n\t\t\t\t<div class=\"elementor-widget-container\">\n\t\t\t\t\t\t\t\t\t<p>Our professional human resources services provide comprehensive service and support in key areas of personnel management. With our experience and expertise, we help companies effectively manage employees, maintain compliance and develop team competencies.<\/p>\t\t\t\t\t\t\t\t<\/div>\n\t\t\t\t<\/div>\n\t\t<div class=\"elementor-element elementor-element-26823e6d e-con-full e-flex e-con e-child\" data-id=\"26823e6d\" data-element_type=\"container\" data-e-type=\"container\">\n\t\t\t\t<div class=\"elementor-element elementor-element-3cb6bd5d elementor-icon-list--layout-traditional elementor-list-item-link-full_width elementor-widget elementor-widget-icon-list\" data-id=\"3cb6bd5d\" data-element_type=\"widget\" data-e-type=\"widget\" data-widget_type=\"icon-list.default\">\n\t\t\t\t<div class=\"elementor-widget-container\">\n\t\t\t\t\t\t\t<ul class=\"elementor-icon-list-items\">\n\t\t\t\t\t\t\t<li class=\"elementor-icon-list-item\">\n\t\t\t\t\t\t\t\t\t\t\t<span class=\"elementor-icon-list-icon\">\n\t\t\t\t\t\t\t<svg aria-hidden=\"true\" class=\"e-font-icon-svg e-fas-check-circle\" viewbox=\"0 0 512 512\" xmlns=\"http:\/\/www.w3.org\/2000\/svg\"><path d=\"M504 256c0 136.967-111.033 248-248 248S8 392.967 8 256 119.033 8 256 8s248 111.033 248 248zM227.314 387.314l184-184c6.248-6.248 6.248-16.379 0-22.627l-22.627-22.627c-6.248-6.249-16.379-6.249-22.628 0L216 308.118l-70.059-70.059c-6.248-6.248-16.379-6.248-22.628 0l-22.627 22.627c-6.248 6.248-6.248 16.379 0 22.627l104 104c6.249 6.249 16.379 6.249 22.628.001z\"><\/path><\/svg>\t\t\t\t\t\t<\/span>\n\t\t\t\t\t\t\t\t\t\t<span class=\"elementor-icon-list-text\">Recruitment and hiring<\/span>\n\t\t\t\t\t\t\t\t\t<\/li>\n\t\t\t\t\t\t\t\t<li class=\"elementor-icon-list-item\">\n\t\t\t\t\t\t\t\t\t\t\t<span class=\"elementor-icon-list-icon\">\n\t\t\t\t\t\t\t<svg aria-hidden=\"true\" class=\"e-font-icon-svg e-fas-check-circle\" viewbox=\"0 0 512 512\" xmlns=\"http:\/\/www.w3.org\/2000\/svg\"><path d=\"M504 256c0 136.967-111.033 248-248 248S8 392.967 8 256 119.033 8 256 8s248 111.033 248 248zM227.314 387.314l184-184c6.248-6.248 6.248-16.379 0-22.627l-22.627-22.627c-6.248-6.249-16.379-6.249-22.628 0L216 308.118l-70.059-70.059c-6.248-6.248-16.379-6.248-22.628 0l-22.627 22.627c-6.248 6.248-6.248 16.379 0 22.627l104 104c6.249 6.249 16.379 6.249 22.628.001z\"><\/path><\/svg>\t\t\t\t\t\t<\/span>\n\t\t\t\t\t\t\t\t\t\t<span class=\"elementor-icon-list-text\">Compliance and safety in the workplace<\/span>\n\t\t\t\t\t\t\t\t\t<\/li>\n\t\t\t\t\t\t\t\t<li class=\"elementor-icon-list-item\">\n\t\t\t\t\t\t\t\t\t\t\t<span class=\"elementor-icon-list-icon\">\n\t\t\t\t\t\t\t<svg aria-hidden=\"true\" class=\"e-font-icon-svg e-fas-check-circle\" viewbox=\"0 0 512 512\" xmlns=\"http:\/\/www.w3.org\/2000\/svg\"><path d=\"M504 256c0 136.967-111.033 248-248 248S8 392.967 8 256 119.033 8 256 8s248 111.033 248 248zM227.314 387.314l184-184c6.248-6.248 6.248-16.379 0-22.627l-22.627-22.627c-6.248-6.249-16.379-6.249-22.628 0L216 308.118l-70.059-70.059c-6.248-6.248-16.379-6.248-22.628 0l-22.627 22.627c-6.248 6.248-6.248 16.379 0 22.627l104 104c6.249 6.249 16.379 6.249 22.628.001z\"><\/path><\/svg>\t\t\t\t\t\t<\/span>\n\t\t\t\t\t\t\t\t\t\t<span class=\"elementor-icon-list-text\">Training and development<\/span>\n\t\t\t\t\t\t\t\t\t<\/li>\n\t\t\t\t\t\t<\/ul>\n\t\t\t\t\t\t<\/div>\n\t\t\t\t<\/div>\n\t\t\t\t<div class=\"elementor-element elementor-element-424f2fc8 elementor-icon-list--layout-traditional elementor-list-item-link-full_width elementor-widget elementor-widget-icon-list\" data-id=\"424f2fc8\" data-element_type=\"widget\" data-e-type=\"widget\" data-widget_type=\"icon-list.default\">\n\t\t\t\t<div class=\"elementor-widget-container\">\n\t\t\t\t\t\t\t<ul class=\"elementor-icon-list-items\">\n\t\t\t\t\t\t\t<li class=\"elementor-icon-list-item\">\n\t\t\t\t\t\t\t\t\t\t\t<span class=\"elementor-icon-list-icon\">\n\t\t\t\t\t\t\t<svg aria-hidden=\"true\" class=\"e-font-icon-svg e-fas-check-circle\" viewbox=\"0 0 512 512\" xmlns=\"http:\/\/www.w3.org\/2000\/svg\"><path d=\"M504 256c0 136.967-111.033 248-248 248S8 392.967 8 256 119.033 8 256 8s248 111.033 248 248zM227.314 387.314l184-184c6.248-6.248 6.248-16.379 0-22.627l-22.627-22.627c-6.248-6.249-16.379-6.249-22.628 0L216 308.118l-70.059-70.059c-6.248-6.248-16.379-6.248-22.628 0l-22.627 22.627c-6.248 6.248-6.248 16.379 0 22.627l104 104c6.249 6.249 16.379 6.249 22.628.001z\"><\/path><\/svg>\t\t\t\t\t\t<\/span>\n\t\t\t\t\t\t\t\t\t\t<span class=\"elementor-icon-list-text\">Performance management<\/span>\n\t\t\t\t\t\t\t\t\t<\/li>\n\t\t\t\t\t\t\t\t<li class=\"elementor-icon-list-item\">\n\t\t\t\t\t\t\t\t\t\t\t<span class=\"elementor-icon-list-icon\">\n\t\t\t\t\t\t\t<svg aria-hidden=\"true\" class=\"e-font-icon-svg e-fas-check-circle\" viewbox=\"0 0 512 512\" xmlns=\"http:\/\/www.w3.org\/2000\/svg\"><path d=\"M504 256c0 136.967-111.033 248-248 248S8 392.967 8 256 119.033 8 256 8s248 111.033 248 248zM227.314 387.314l184-184c6.248-6.248 6.248-16.379 0-22.627l-22.627-22.627c-6.248-6.249-16.379-6.249-22.628 0L216 308.118l-70.059-70.059c-6.248-6.248-16.379-6.248-22.628 0l-22.627 22.627c-6.248 6.248-6.248 16.379 0 22.627l104 104c6.249 6.249 16.379 6.249 22.628.001z\"><\/path><\/svg>\t\t\t\t\t\t<\/span>\n\t\t\t\t\t\t\t\t\t\t<span class=\"elementor-icon-list-text\">Employee-employer relations<\/span>\n\t\t\t\t\t\t\t\t\t<\/li>\n\t\t\t\t\t\t\t\t<li class=\"elementor-icon-list-item\">\n\t\t\t\t\t\t\t\t\t\t\t<span class=\"elementor-icon-list-icon\">\n\t\t\t\t\t\t\t<svg aria-hidden=\"true\" class=\"e-font-icon-svg e-fas-check-circle\" viewbox=\"0 0 512 512\" xmlns=\"http:\/\/www.w3.org\/2000\/svg\"><path d=\"M504 256c0 136.967-111.033 248-248 248S8 392.967 8 256 119.033 8 256 8s248 111.033 248 248zM227.314 387.314l184-184c6.248-6.248 6.248-16.379 0-22.627l-22.627-22.627c-6.248-6.249-16.379-6.249-22.628 0L216 308.118l-70.059-70.059c-6.248-6.248-16.379-6.248-22.628 0l-22.627 22.627c-6.248 6.248-6.248 16.379 0 22.627l104 104c6.249 6.249 16.379 6.249 22.628.001z\"><\/path><\/svg>\t\t\t\t\t\t<\/span>\n\t\t\t\t\t\t\t\t\t\t<span class=\"elementor-icon-list-text\">Personnel policy support<\/span>\n\t\t\t\t\t\t\t\t\t<\/li>\n\t\t\t\t\t\t<\/ul>\n\t\t\t\t\t\t<\/div>\n\t\t\t\t<\/div>\n\t\t\t\t<\/div>\n\t\t\t\t<\/div>\n\t\t<div class=\"elementor-element elementor-element-364f9c11 e-con-full e-flex e-con e-child\" data-id=\"364f9c11\" data-element_type=\"container\" data-e-type=\"container\">\n\t\t\t\t<div class=\"elementor-element elementor-element-36de873 elementor-widget elementor-widget-heading\" data-id=\"36de873\" data-element_type=\"widget\" data-e-type=\"widget\" data-widget_type=\"heading.default\">\n\t\t\t\t<div class=\"elementor-widget-container\">\n\t\t\t\t\t<h3 class=\"elementor-heading-title elementor-size-default\">Performance management<\/h3>\t\t\t\t<\/div>\n\t\t\t\t<\/div>\n\t\t\t\t<div class=\"elementor-element elementor-element-7c8d9de3 elementor-widget elementor-widget-text-editor\" data-id=\"7c8d9de3\" data-element_type=\"widget\" data-e-type=\"widget\" data-widget_type=\"text-editor.default\">\n\t\t\t\t<div class=\"elementor-widget-container\">\n\t\t\t\t\t\t\t\t\t<p>Maintaining a positive, constructive and fair work environment is fundamental to achieving a high employee retention rate (&gt;97%). Our company's human resources outsourcing services focus on ensuring that our team is satisfied with their work. We offer:<\/p><ol><li class=\"translation-block\"><b>Flexible <\/b>work options<\/li><li class=\"translation-block\"><b>Open door <\/b>policy to problem solving<\/li><li class=\"translation-block\"><b>Generous salaries<\/b>, benefits and rewards<\/li><li><b>High retention rates<\/b><\/li><\/ol>\t\t\t\t\t\t\t\t<\/div>\n\t\t\t\t<\/div>\n\t\t\t\t<\/div>\n\t\t<div class=\"elementor-element elementor-element-28e0b6d7 e-con-full e-flex e-con e-child\" data-id=\"28e0b6d7\" data-element_type=\"container\" data-e-type=\"container\">\n\t\t<div class=\"elementor-element elementor-element-74932b92 e-grid e-con-full e-con e-child\" data-id=\"74932b92\" data-element_type=\"container\" data-e-type=\"container\">\n\t\t\t\t<div class=\"elementor-element elementor-element-5303e747 elementor-widget elementor-widget-image\" data-id=\"5303e747\" data-element_type=\"widget\" data-e-type=\"widget\" data-widget_type=\"image.default\">\n\t\t\t\t<div class=\"elementor-widget-container\">\n\t\t\t\t\t\t\t\t\t\t\t\t\t\t\t<img decoding=\"async\" src=\"https:\/\/hewlowork.pl\/wp-content\/uploads\/elementor\/thumbs\/Talentajpg-022-qrkv6je9nhko2ml0clulh8sehs7uyj8lgfzk62yw40.jpg\" title=\"\u0422\u0430\u043b\u0430\u043d\u0442-022.\u0458\u0440\u0434\" alt=\"Talentajpg-022.jpg\" loading=\"lazy\" \/>\t\t\t\t\t\t\t\t\t\t\t\t\t\t\t<\/div>\n\t\t\t\t<\/div>\n\t\t\t\t<div class=\"elementor-element elementor-element-19c0a82d elementor-widget elementor-widget-image\" data-id=\"19c0a82d\" data-element_type=\"widget\" data-e-type=\"widget\" data-widget_type=\"image.default\">\n\t\t\t\t<div class=\"elementor-widget-container\">\n\t\t\t\t\t\t\t\t\t\t\t\t\t\t\t<img decoding=\"async\" src=\"https:\/\/hewlowork.pl\/wp-content\/uploads\/elementor\/thumbs\/Talentajpg-023-qrkv6kc3ublye8jn74981qjv363868cbskn1ncxhxs.jpg\" title=\"\u0422\u0430\u043b\u0430\u043d\u0442-023.\u0458\u0440\u0434\" alt=\"Talentajpg-023.jpg\" loading=\"lazy\" \/>\t\t\t\t\t\t\t\t\t\t\t\t\t\t\t<\/div>\n\t\t\t\t<\/div>\n\t\t\t\t<\/div>\n\t\t\t\t<\/div>\n\t\t\t\t<\/div>\n\t\t<div class=\"elementor-element elementor-element-955fcf1 e-con-full e-flex e-con e-child\" data-id=\"955fcf1\" data-element_type=\"container\" data-e-type=\"container\">\n\t\t<div class=\"elementor-element elementor-element-644f76af e-con-full e-flex e-con e-child\" data-id=\"644f76af\" data-element_type=\"container\" data-e-type=\"container\" data-settings=\"{&quot;background_background&quot;:&quot;gradient&quot;}\">\n\t\t\t\t<div class=\"elementor-element elementor-element-4724ee9d elementor-widget elementor-widget-heading\" data-id=\"4724ee9d\" data-element_type=\"widget\" data-e-type=\"widget\" data-widget_type=\"heading.default\">\n\t\t\t\t<div class=\"elementor-widget-container\">\n\t\t\t\t\t<h4 class=\"elementor-heading-title elementor-size-default\">Want to know how outsourcing can help your business?<\/h4>\t\t\t\t<\/div>\n\t\t\t\t<\/div>\n\t\t\t\t<div class=\"elementor-element elementor-element-645bc8c4 elementor-widget elementor-widget-button\" data-id=\"645bc8c4\" data-element_type=\"widget\" data-e-type=\"widget\" data-widget_type=\"button.default\">\n\t\t\t\t<div class=\"elementor-widget-container\">\n\t\t\t\t\t\t\t\t\t<div class=\"elementor-button-wrapper\">\n\t\t\t\t\t<a class=\"elementor-button elementor-button-link elementor-size-sm\" href=\"https:\/\/hewlowork.pl\/en\/kontakt\/\">\n\t\t\t\t\t\t<span class=\"elementor-button-content-wrapper\">\n\t\t\t\t\t\t\t\t\t<span class=\"elementor-button-text\">Contact us<\/span>\n\t\t\t\t\t<\/span>\n\t\t\t\t\t<\/a>\n\t\t\t\t<\/div>\n\t\t\t\t\t\t\t\t<\/div>\n\t\t\t\t<\/div>\n\t\t\t\t<\/div>\n\t\t<div class=\"elementor-element elementor-element-69b115c1 e-con-full e-flex e-con e-child\" data-id=\"69b115c1\" data-element_type=\"container\" data-e-type=\"container\" data-settings=\"{&quot;background_background&quot;:&quot;classic&quot;}\">\n\t\t\t\t<div class=\"elementor-element elementor-element-75d0747b elementor-widget elementor-widget-heading\" data-id=\"75d0747b\" data-element_type=\"widget\" data-e-type=\"widget\" data-widget_type=\"heading.default\">\n\t\t\t\t<div class=\"elementor-widget-container\">\n\t\t\t\t\t<h4 class=\"elementor-heading-title elementor-size-default\">Outsourced Industry Categories<\/h4>\t\t\t\t<\/div>\n\t\t\t\t<\/div>\n\t\t\t\t<div class=\"elementor-element elementor-element-2b35b9e jkit-equal-height-disable elementor-widget elementor-widget-jkit_icon_box\" data-id=\"2b35b9e\" data-element_type=\"widget\" data-e-type=\"widget\" data-widget_type=\"jkit_icon_box.default\">\n\t\t\t\t<div class=\"elementor-widget-container\">\n\t\t\t\t\t<div  class=\"jeg-elementor-kit jkit-icon-box icon-position-left elementor-animation-float jeg_module___6a04e5190597d\" ><div class=\"jkit-icon-box-wrapper hover-from-left\"><div class=\"icon-box icon-box-header elementor-animation-\"><div class=\"icon style-color\"><img decoding=\"async\" width=\"150\" height=\"150\" src=\"https:\/\/hewlowork.pl\/wp-content\/uploads\/2024\/07\/Asset-016-150x150.png\" class=\"attachment-thumbnail size-thumbnail\" alt=\"Bran\u017ca spo\u017cywcza\" url=\"https:\/\/hewlowork.pl\/wp-content\/uploads\/2024\/07\/Asset-016.png\" source=\"library\" srcset=\"https:\/\/hewlowork.pl\/wp-content\/uploads\/2024\/07\/Asset-016-150x150.png 150w, https:\/\/hewlowork.pl\/wp-content\/uploads\/2024\/07\/Asset-016-300x300.png 300w, https:\/\/hewlowork.pl\/wp-content\/uploads\/2024\/07\/Asset-016.png 304w\" sizes=\"(max-width: 150px) 100vw, 150px\" \/><\/div><\/div><div class=\"icon-box icon-box-body\">\n                <h1 class=\"title\">Food processing industry<\/h1>\n            <\/div>\n            \n            <\/div><\/div>\t\t\t\t<\/div>\n\t\t\t\t<\/div>\n\t\t\t\t<div class=\"elementor-element elementor-element-36509a8 jkit-equal-height-disable elementor-widget elementor-widget-jkit_icon_box\" data-id=\"36509a8\" data-element_type=\"widget\" data-e-type=\"widget\" data-widget_type=\"jkit_icon_box.default\">\n\t\t\t\t<div class=\"elementor-widget-container\">\n\t\t\t\t\t<div  class=\"jeg-elementor-kit jkit-icon-box icon-position-left elementor-animation-float jeg_module__1_6a04e519065ec\" ><div class=\"jkit-icon-box-wrapper hover-from-left\"><div class=\"icon-box icon-box-header elementor-animation-\"><div class=\"icon style-color\"><img decoding=\"async\" width=\"150\" height=\"150\" src=\"https:\/\/hewlowork.pl\/wp-content\/uploads\/2024\/07\/Asset-017-150x150.png\" class=\"attachment-thumbnail size-thumbnail\" alt=\"Motoryzacja\" url=\"https:\/\/hewlowork.pl\/wp-content\/uploads\/2024\/07\/Asset-017.png\" source=\"library\" srcset=\"https:\/\/hewlowork.pl\/wp-content\/uploads\/2024\/07\/Asset-017-150x150.png 150w, https:\/\/hewlowork.pl\/wp-content\/uploads\/2024\/07\/Asset-017-300x300.png 300w, https:\/\/hewlowork.pl\/wp-content\/uploads\/2024\/07\/Asset-017.png 304w\" sizes=\"(max-width: 150px) 100vw, 150px\" \/><\/div><\/div><div class=\"icon-box icon-box-body\">\n                <h1 class=\"title\">Automotive industry<\/h1>\n            <\/div>\n            \n            <\/div><\/div>\t\t\t\t<\/div>\n\t\t\t\t<\/div>\n\t\t\t\t<div class=\"elementor-element elementor-element-77ee4fe jkit-equal-height-disable elementor-widget elementor-widget-jkit_icon_box\" data-id=\"77ee4fe\" data-element_type=\"widget\" data-e-type=\"widget\" data-widget_type=\"jkit_icon_box.default\">\n\t\t\t\t<div class=\"elementor-widget-container\">\n\t\t\t\t\t<div  class=\"jeg-elementor-kit jkit-icon-box icon-position-left elementor-animation-float jeg_module__2_6a04e51907141\" ><div class=\"jkit-icon-box-wrapper hover-from-left\"><div class=\"icon-box icon-box-header elementor-animation-\"><div class=\"icon style-color\"><img loading=\"lazy\" decoding=\"async\" width=\"150\" height=\"150\" src=\"https:\/\/hewlowork.pl\/wp-content\/uploads\/2024\/07\/Asset-022-150x150.png\" class=\"attachment-thumbnail size-thumbnail\" alt=\"Przemys\u0142 chemiczny\" url=\"https:\/\/hewlowork.pl\/wp-content\/uploads\/2024\/07\/Asset-022.png\" source=\"library\" srcset=\"https:\/\/hewlowork.pl\/wp-content\/uploads\/2024\/07\/Asset-022-150x150.png 150w, https:\/\/hewlowork.pl\/wp-content\/uploads\/2024\/07\/Asset-022-300x300.png 300w, https:\/\/hewlowork.pl\/wp-content\/uploads\/2024\/07\/Asset-022.png 304w\" sizes=\"(max-width: 150px) 100vw, 150px\" \/><\/div><\/div><div class=\"icon-box icon-box-body\">\n                <h1 class=\"title\">Chemical industry<\/h1>\n            <\/div>\n            \n            <\/div><\/div>\t\t\t\t<\/div>\n\t\t\t\t<\/div>\n\t\t\t\t<div class=\"elementor-element elementor-element-fa83717 jkit-equal-height-disable elementor-widget elementor-widget-jkit_icon_box\" data-id=\"fa83717\" data-element_type=\"widget\" data-e-type=\"widget\" data-widget_type=\"jkit_icon_box.default\">\n\t\t\t\t<div class=\"elementor-widget-container\">\n\t\t\t\t\t<div  class=\"jeg-elementor-kit jkit-icon-box icon-position-left elementor-animation-float jeg_module__3_6a04e51907c9e\" ><div class=\"jkit-icon-box-wrapper hover-from-left\"><div class=\"icon-box icon-box-header elementor-animation-\"><div class=\"icon style-color\"><img loading=\"lazy\" decoding=\"async\" width=\"150\" height=\"150\" src=\"https:\/\/hewlowork.pl\/wp-content\/uploads\/2024\/07\/Asset-020-150x150.png\" class=\"attachment-thumbnail size-thumbnail\" alt=\"Bran\u017ca tekstylna\" url=\"https:\/\/hewlowork.pl\/wp-content\/uploads\/2024\/07\/Asset-020.png\" source=\"library\" srcset=\"https:\/\/hewlowork.pl\/wp-content\/uploads\/2024\/07\/Asset-020-150x150.png 150w, https:\/\/hewlowork.pl\/wp-content\/uploads\/2024\/07\/Asset-020-300x300.png 300w, https:\/\/hewlowork.pl\/wp-content\/uploads\/2024\/07\/Asset-020.png 304w\" sizes=\"(max-width: 150px) 100vw, 150px\" \/><\/div><\/div><div class=\"icon-box icon-box-body\">\n                <h1 class=\"title\">Textile industry<\/h1>\n            <\/div>\n            \n            <\/div><\/div>\t\t\t\t<\/div>\n\t\t\t\t<\/div>\n\t\t\t\t<div class=\"elementor-element elementor-element-cf62312 jkit-equal-height-disable elementor-widget elementor-widget-jkit_icon_box\" data-id=\"cf62312\" data-element_type=\"widget\" data-e-type=\"widget\" data-widget_type=\"jkit_icon_box.default\">\n\t\t\t\t<div class=\"elementor-widget-container\">\n\t\t\t\t\t<div  class=\"jeg-elementor-kit jkit-icon-box icon-position-left elementor-animation-float jeg_module__4_6a04e519087d6\" ><div class=\"jkit-icon-box-wrapper hover-from-left\"><div class=\"icon-box icon-box-header elementor-animation-\"><div class=\"icon style-color\"><img loading=\"lazy\" decoding=\"async\" width=\"150\" height=\"150\" src=\"https:\/\/hewlowork.pl\/wp-content\/uploads\/2024\/07\/Asset-017-150x150.png\" class=\"attachment-thumbnail size-thumbnail\" alt=\"Metalurgia\" url=\"https:\/\/hewlowork.pl\/wp-content\/uploads\/2024\/07\/Asset-017.png\" source=\"library\" srcset=\"https:\/\/hewlowork.pl\/wp-content\/uploads\/2024\/07\/Asset-017-150x150.png 150w, https:\/\/hewlowork.pl\/wp-content\/uploads\/2024\/07\/Asset-017-300x300.png 300w, https:\/\/hewlowork.pl\/wp-content\/uploads\/2024\/07\/Asset-017.png 304w\" sizes=\"(max-width: 150px) 100vw, 150px\" \/><\/div><\/div><div class=\"icon-box icon-box-body\">\n                <h1 class=\"title\">Metallurgical industry<\/h1>\n            <\/div>\n            \n            <\/div><\/div>\t\t\t\t<\/div>\n\t\t\t\t<\/div>\n\t\t\t\t<div class=\"elementor-element elementor-element-300895b jkit-equal-height-disable elementor-widget elementor-widget-jkit_icon_box\" data-id=\"300895b\" data-element_type=\"widget\" data-e-type=\"widget\" data-widget_type=\"jkit_icon_box.default\">\n\t\t\t\t<div class=\"elementor-widget-container\">\n\t\t\t\t\t<div  class=\"jeg-elementor-kit jkit-icon-box icon-position-left elementor-animation-float jeg_module__5_6a04e51909206\" ><div class=\"jkit-icon-box-wrapper hover-from-left\"><div class=\"icon-box icon-box-header elementor-animation-\"><div class=\"icon style-color\"><img loading=\"lazy\" decoding=\"async\" width=\"150\" height=\"150\" src=\"https:\/\/hewlowork.pl\/wp-content\/uploads\/2024\/07\/Asset-024-1-150x150.png\" class=\"attachment-thumbnail size-thumbnail\" alt=\"Elektronika i AGD\" url=\"https:\/\/hewlowork.pl\/wp-content\/uploads\/2024\/07\/Asset-024-1.png\" source=\"library\" srcset=\"https:\/\/hewlowork.pl\/wp-content\/uploads\/2024\/07\/Asset-024-1-150x150.png 150w, https:\/\/hewlowork.pl\/wp-content\/uploads\/2024\/07\/Asset-024-1-300x300.png 300w, https:\/\/hewlowork.pl\/wp-content\/uploads\/2024\/07\/Asset-024-1.png 304w\" sizes=\"(max-width: 150px) 100vw, 150px\" \/><\/div><\/div><div class=\"icon-box icon-box-body\">\n                <h1 class=\"title\">Electronics and home appliances<\/h1>\n            <\/div>\n            \n            <\/div><\/div>\t\t\t\t<\/div>\n\t\t\t\t<\/div>\n\t\t\t\t<\/div>\n\t\t\t\t<\/div>\n\t\t\t\t\t<\/div>\n\t\t\t\t<\/div>\n\t\t\t\t<\/div>","protected":false},"excerpt":{"rendered":"<p>Strona G\u0142\u00f3wna Us\u0142ugi Nasze us\u0142ugi Profesjonalne us\u0142ugi z zakresu zarz\u0105dzania zasobami ludzkimi Nasze profesjonalne us\u0142ugi z zakresu zarz\u0105dzania zasobami ludzkimi zapewniaj\u0105 kompleksow\u0105 obs\u0142ug\u0119 i wsparcie w kluczowych obszarach zarz\u0105dzania personelem. Dzi\u0119ki naszemu do\u015bwiadczeniu i wiedzy, pomagamy firmom efektywnie zarz\u0105dza\u0107 pracownikami, utrzymywa\u0107 zgodno\u015b\u0107 z przepisami oraz rozwija\u0107 kompetencje zespo\u0142u. Rekrutacja i zatrudnianie Zgodno\u015b\u0107 z przepisami i [&hellip;]<\/p>\n","protected":false},"author":1,"featured_media":0,"parent":0,"menu_order":0,"comment_status":"closed","ping_status":"closed","template":"elementor_header_footer","meta":{"footnotes":""},"class_list":["post-146","page","type-page","status-publish","hentry"],"_links":{"self":[{"href":"https:\/\/hewlowork.pl\/en\/wp-json\/wp\/v2\/pages\/146","targetHints":{"allow":["GET"]}}],"collection":[{"href":"https:\/\/hewlowork.pl\/en\/wp-json\/wp\/v2\/pages"}],"about":[{"href":"https:\/\/hewlowork.pl\/en\/wp-json\/wp\/v2\/types\/page"}],"author":[{"embeddable":true,"href":"https:\/\/hewlowork.pl\/en\/wp-json\/wp\/v2\/users\/1"}],"replies":[{"embeddable":true,"href":"https:\/\/hewlowork.pl\/en\/wp-json\/wp\/v2\/comments?post=146"}],"version-history":[{"count":59,"href":"https:\/\/hewlowork.pl\/en\/wp-json\/wp\/v2\/pages\/146\/revisions"}],"predecessor-version":[{"id":1505,"href":"https:\/\/hewlowork.pl\/en\/wp-json\/wp\/v2\/pages\/146\/revisions\/1505"}],"wp:attachment":[{"href":"https:\/\/hewlowork.pl\/en\/wp-json\/wp\/v2\/media?parent=146"}],"curies":[{"name":"wp","href":"https:\/\/api.w.org\/{rel}","templated":true}]}}